{"id":53,"date":"2021-06-21T18:25:22","date_gmt":"2021-06-21T18:25:22","guid":{"rendered":"http:\/\/technodies.com.mx\/?page_id=53"},"modified":"2021-07-08T22:04:12","modified_gmt":"2021-07-08T22:04:12","slug":"servicios","status":"publish","type":"page","link":"http:\/\/technodies.com.mx\/?page_id=53","title":{"rendered":"Servicios"},"content":{"rendered":"\t\t<div data-elementor-type=\"wp-page\" data-elementor-id=\"53\" class=\"elementor elementor-53\" data-elementor-settings=\"[]\">\n\t\t\t\t\t\t\t<div class=\"elementor-section-wrap\">\n\t\t\t\t\t\t\t<section class=\"elementor-section elementor-top-section elementor-element elementor-element-d014085 elementor-section-height-min-height elementor-section-content-bottom elementor-section-boxed elementor-section-height-default elementor-section-items-middle\" data-id=\"d014085\" data-element_type=\"section\" data-settings=\"{&quot;background_background&quot;:&quot;video&quot;}\">\n\t\t\t\t\t\t\t<div class=\"elementor-background-overlay\"><\/div>\n\t\t\t\t\t\t\t<div class=\"elementor-container elementor-column-gap-default\">\n\t\t\t\t\t<div class=\"elementor-column elementor-col-100 elementor-top-column elementor-element elementor-element-e5be9fc\" data-id=\"e5be9fc\" data-element_type=\"column\" data-settings=\"{&quot;background_background&quot;:&quot;classic&quot;}\">\n\t\t\t<div class=\"elementor-widget-wrap elementor-element-populated\">\n\t\t\t\t\t\t\t\t<div class=\"elementor-element elementor-element-2aee183 elementor-widget elementor-widget-heading\" data-id=\"2aee183\" data-element_type=\"widget\" data-widget_type=\"heading.default\">\n\t\t\t\t<div class=\"elementor-widget-container\">\n\t\t\t<h2 class=\"elementor-heading-title elementor-size-medium\">Tecnolog\u00eda, precisi\u00f3n y rapidez en suajes y venta de insumos<\/h2>\t\t<\/div>\n\t\t\t\t<\/div>\n\t\t\t\t\t<\/div>\n\t\t<\/div>\n\t\t\t\t\t\t\t<\/div>\n\t\t<\/section>\n\t\t\t\t<section class=\"elementor-section elementor-top-section elementor-element elementor-element-5bb91e1 elementor-section-boxed elementor-section-height-default elementor-section-height-default\" data-id=\"5bb91e1\" data-element_type=\"section\">\n\t\t\t\t\t\t<div class=\"elementor-container elementor-column-gap-default\">\n\t\t\t\t\t<div class=\"elementor-column elementor-col-100 elementor-top-column elementor-element elementor-element-a78a197\" data-id=\"a78a197\" data-element_type=\"column\">\n\t\t\t<div class=\"elementor-widget-wrap elementor-element-populated\">\n\t\t\t\t\t\t\t\t<div class=\"elementor-element elementor-element-c450bc7 elementor-widget elementor-widget-spacer\" data-id=\"c450bc7\" data-element_type=\"widget\" data-widget_type=\"spacer.default\">\n\t\t\t\t<div class=\"elementor-widget-container\">\n\t\t\t\t\t<div class=\"elementor-spacer\">\n\t\t\t<div class=\"elementor-spacer-inner\"><\/div>\n\t\t<\/div>\n\t\t\t\t<\/div>\n\t\t\t\t<\/div>\n\t\t\t\t\t<\/div>\n\t\t<\/div>\n\t\t\t\t\t\t\t<\/div>\n\t\t<\/section>\n\t\t\t\t<section class=\"elementor-section elementor-top-section elementor-element elementor-element-06f95ac elementor-section-boxed elementor-section-height-default elementor-section-height-default\" data-id=\"06f95ac\" data-element_type=\"section\">\n\t\t\t\t\t\t<div class=\"elementor-container elementor-column-gap-default\">\n\t\t\t\t\t<div class=\"elementor-column elementor-col-50 elementor-top-column elementor-element elementor-element-fbad5c7\" data-id=\"fbad5c7\" data-element_type=\"column\">\n\t\t\t<div class=\"elementor-widget-wrap elementor-element-populated\">\n\t\t\t\t\t\t\t\t<div class=\"elementor-element elementor-element-565850c elementor-position-top elementor-vertical-align-top elementor-widget elementor-widget-image-box\" data-id=\"565850c\" data-element_type=\"widget\" data-widget_type=\"image-box.default\">\n\t\t\t\t<div class=\"elementor-widget-container\">\n\t\t\t<div class=\"elementor-image-box-wrapper\"><figure class=\"elementor-image-box-img\"><img loading=\"lazy\" decoding=\"async\" width=\"1024\" height=\"768\" src=\"http:\/\/technodies.com.mx\/wp-content\/uploads\/2021\/06\/grabado-laser.jpeg\" class=\"attachment-full size-full\" alt=\"\" srcset=\"http:\/\/technodies.com.mx\/wp-content\/uploads\/2021\/06\/grabado-laser.jpeg 1024w, http:\/\/technodies.com.mx\/wp-content\/uploads\/2021\/06\/grabado-laser-300x225.jpeg 300w, http:\/\/technodies.com.mx\/wp-content\/uploads\/2021\/06\/grabado-laser-768x576.jpeg 768w\" sizes=\"auto, (max-width: 1024px) 100vw, 1024px\" \/><\/figure><div class=\"elementor-image-box-content\"><h3 class=\"elementor-image-box-title\">Calado y Grabado Laser<\/h3><p class=\"elementor-image-box-description\">Servicio de maquila en Madera, Acero, Acr\u00edlico y otros.<\/p><\/div><\/div>\t\t<\/div>\n\t\t\t\t<\/div>\n\t\t\t\t\t<\/div>\n\t\t<\/div>\n\t\t\t\t<div class=\"elementor-column elementor-col-50 elementor-top-column elementor-element elementor-element-7e250d0\" data-id=\"7e250d0\" data-element_type=\"column\">\n\t\t\t<div class=\"elementor-widget-wrap elementor-element-populated\">\n\t\t\t\t\t\t\t\t<div class=\"elementor-element elementor-element-e8b9a0c elementor-position-top elementor-vertical-align-top elementor-widget elementor-widget-image-box\" data-id=\"e8b9a0c\" data-element_type=\"widget\" data-widget_type=\"image-box.default\">\n\t\t\t\t<div class=\"elementor-widget-container\">\n\t\t\t<div class=\"elementor-image-box-wrapper\"><figure class=\"elementor-image-box-img\"><img loading=\"lazy\" decoding=\"async\" width=\"336\" height=\"409\" src=\"http:\/\/technodies.com.mx\/wp-content\/uploads\/2021\/06\/WhatsApp-Image-2021-06-26-at-9.20.42-PM.jpeg\" class=\"attachment-full size-full\" alt=\"\" srcset=\"http:\/\/technodies.com.mx\/wp-content\/uploads\/2021\/06\/WhatsApp-Image-2021-06-26-at-9.20.42-PM.jpeg 336w, http:\/\/technodies.com.mx\/wp-content\/uploads\/2021\/06\/WhatsApp-Image-2021-06-26-at-9.20.42-PM-246x300.jpeg 246w\" sizes=\"auto, (max-width: 336px) 100vw, 336px\" \/><\/figure><div class=\"elementor-image-box-content\"><h3 class=\"elementor-image-box-title\">Reemplecado y Reparaciones<\/h3><p class=\"elementor-image-box-description\">Reemplacemos y reparamos suajes y contamos con servicio con soldadura de pleca. <\/p><\/div><\/div>\t\t<\/div>\n\t\t\t\t<\/div>\n\t\t\t\t\t<\/div>\n\t\t<\/div>\n\t\t\t\t\t\t\t<\/div>\n\t\t<\/section>\n\t\t\t\t<section class=\"elementor-section elementor-top-section elementor-element elementor-element-34ed376 elementor-section-boxed elementor-section-height-default elementor-section-height-default\" data-id=\"34ed376\" data-element_type=\"section\">\n\t\t\t\t\t\t<div class=\"elementor-container elementor-column-gap-default\">\n\t\t\t\t\t<div class=\"elementor-column elementor-col-50 elementor-top-column elementor-element elementor-element-ea0aab4\" data-id=\"ea0aab4\" data-element_type=\"column\">\n\t\t\t<div class=\"elementor-widget-wrap elementor-element-populated\">\n\t\t\t\t\t\t\t\t<div class=\"elementor-element elementor-element-24a1dd3 elementor-position-top elementor-vertical-align-top elementor-widget elementor-widget-image-box\" data-id=\"24a1dd3\" data-element_type=\"widget\" data-widget_type=\"image-box.default\">\n\t\t\t\t<div class=\"elementor-widget-container\">\n\t\t\t<div class=\"elementor-image-box-wrapper\"><figure class=\"elementor-image-box-img\"><img loading=\"lazy\" decoding=\"async\" width=\"1599\" height=\"1200\" src=\"http:\/\/technodies.com.mx\/wp-content\/uploads\/2021\/07\/WhatsApp-Image-2021-07-08-at-4.19.30-PM.jpeg\" class=\"attachment-full size-full\" alt=\"\" srcset=\"http:\/\/technodies.com.mx\/wp-content\/uploads\/2021\/07\/WhatsApp-Image-2021-07-08-at-4.19.30-PM.jpeg 1599w, http:\/\/technodies.com.mx\/wp-content\/uploads\/2021\/07\/WhatsApp-Image-2021-07-08-at-4.19.30-PM-300x225.jpeg 300w, http:\/\/technodies.com.mx\/wp-content\/uploads\/2021\/07\/WhatsApp-Image-2021-07-08-at-4.19.30-PM-1024x768.jpeg 1024w, http:\/\/technodies.com.mx\/wp-content\/uploads\/2021\/07\/WhatsApp-Image-2021-07-08-at-4.19.30-PM-768x576.jpeg 768w, http:\/\/technodies.com.mx\/wp-content\/uploads\/2021\/07\/WhatsApp-Image-2021-07-08-at-4.19.30-PM-1536x1153.jpeg 1536w\" sizes=\"auto, (max-width: 1599px) 100vw, 1599px\" \/><\/figure><div class=\"elementor-image-box-content\"><h3 class=\"elementor-image-box-title\">Corte con Agua<\/h3><p class=\"elementor-image-box-description\">Realizamos cortes especializados para hule botador<\/p><\/div><\/div>\t\t<\/div>\n\t\t\t\t<\/div>\n\t\t\t\t\t<\/div>\n\t\t<\/div>\n\t\t\t\t<div class=\"elementor-column elementor-col-50 elementor-top-column elementor-element elementor-element-d9fe2c0\" data-id=\"d9fe2c0\" data-element_type=\"column\">\n\t\t\t<div class=\"elementor-widget-wrap elementor-element-populated\">\n\t\t\t\t\t\t\t\t<div class=\"elementor-element elementor-element-c8b6f60 elementor-position-top elementor-vertical-align-top elementor-widget elementor-widget-image-box\" data-id=\"c8b6f60\" data-element_type=\"widget\" data-widget_type=\"image-box.default\">\n\t\t\t\t<div class=\"elementor-widget-container\">\n\t\t\t<div class=\"elementor-image-box-wrapper\"><figure class=\"elementor-image-box-img\"><img loading=\"lazy\" decoding=\"async\" width=\"626\" height=\"295\" src=\"http:\/\/technodies.com.mx\/wp-content\/uploads\/2021\/07\/plantilla-troquelado-caja-plegable-panaderia_75474-2119.jpg\" class=\"attachment-full size-full\" alt=\"\" srcset=\"http:\/\/technodies.com.mx\/wp-content\/uploads\/2021\/07\/plantilla-troquelado-caja-plegable-panaderia_75474-2119.jpg 626w, http:\/\/technodies.com.mx\/wp-content\/uploads\/2021\/07\/plantilla-troquelado-caja-plegable-panaderia_75474-2119-300x141.jpg 300w\" sizes=\"auto, (max-width: 626px) 100vw, 626px\" \/><\/figure><div class=\"elementor-image-box-content\"><h3 class=\"elementor-image-box-title\">Dise\u00f1o y Cat\u00e1logo de Cajas<\/h3><p class=\"elementor-image-box-description\">Contamos con m\u00e1s de 100 dise\u00f1o de cajas adaptables a las necesidades del cliente.<\/p><\/div><\/div>\t\t<\/div>\n\t\t\t\t<\/div>\n\t\t\t\t\t<\/div>\n\t\t<\/div>\n\t\t\t\t\t\t\t<\/div>\n\t\t<\/section>\n\t\t\t\t<section class=\"elementor-section elementor-top-section elementor-element elementor-element-869adf0 elementor-section-boxed elementor-section-height-default elementor-section-height-default\" data-id=\"869adf0\" data-element_type=\"section\">\n\t\t\t\t\t\t<div class=\"elementor-container elementor-column-gap-default\">\n\t\t\t\t\t<div class=\"elementor-column elementor-col-100 elementor-top-column elementor-element elementor-element-81aa599\" data-id=\"81aa599\" data-element_type=\"column\">\n\t\t\t<div class=\"elementor-widget-wrap elementor-element-populated\">\n\t\t\t\t\t\t\t\t<div class=\"elementor-element elementor-element-7efc74f elementor-widget elementor-widget-spacer\" data-id=\"7efc74f\" data-element_type=\"widget\" data-widget_type=\"spacer.default\">\n\t\t\t\t<div class=\"elementor-widget-container\">\n\t\t\t\t\t<div class=\"elementor-spacer\">\n\t\t\t<div class=\"elementor-spacer-inner\"><\/div>\n\t\t<\/div>\n\t\t\t\t<\/div>\n\t\t\t\t<\/div>\n\t\t\t\t\t<\/div>\n\t\t<\/div>\n\t\t\t\t\t\t\t<\/div>\n\t\t<\/section>\n\t\t\t\t<section class=\"elementor-section elementor-top-section elementor-element elementor-element-a088766 elementor-section-boxed elementor-section-height-default elementor-section-height-default\" data-id=\"a088766\" data-element_type=\"section\">\n\t\t\t\t\t\t<div class=\"elementor-container elementor-column-gap-default\">\n\t\t\t\t\t<div class=\"elementor-column elementor-col-100 elementor-top-column elementor-element elementor-element-6e3aa5c\" data-id=\"6e3aa5c\" data-element_type=\"column\">\n\t\t\t<div class=\"elementor-widget-wrap elementor-element-populated\">\n\t\t\t\t\t\t\t\t<div class=\"elementor-element elementor-element-cf37660 elementor-widget elementor-widget-heading\" data-id=\"cf37660\" data-element_type=\"widget\" data-widget_type=\"heading.default\">\n\t\t\t\t<div class=\"elementor-widget-container\">\n\t\t\t<h2 class=\"elementor-heading-title elementor-size-default\">COTIZA AHORA<\/h2>\t\t<\/div>\n\t\t\t\t<\/div>\n\t\t\t\t\t<\/div>\n\t\t<\/div>\n\t\t\t\t\t\t\t<\/div>\n\t\t<\/section>\n\t\t\t\t<section class=\"elementor-section elementor-top-section elementor-element elementor-element-d90c5f5 elementor-section-boxed elementor-section-height-default elementor-section-height-default\" data-id=\"d90c5f5\" data-element_type=\"section\">\n\t\t\t\t\t\t<div class=\"elementor-container elementor-column-gap-default\">\n\t\t\t\t\t<div class=\"elementor-column elementor-col-100 elementor-top-column elementor-element elementor-element-4cd358b\" data-id=\"4cd358b\" data-element_type=\"column\">\n\t\t\t<div class=\"elementor-widget-wrap elementor-element-populated\">\n\t\t\t\t\t\t\t\t<div class=\"elementor-element elementor-element-6cfe63f elementor-widget elementor-widget-spacer\" data-id=\"6cfe63f\" data-element_type=\"widget\" data-widget_type=\"spacer.default\">\n\t\t\t\t<div class=\"elementor-widget-container\">\n\t\t\t\t\t<div class=\"elementor-spacer\">\n\t\t\t<div class=\"elementor-spacer-inner\"><\/div>\n\t\t<\/div>\n\t\t\t\t<\/div>\n\t\t\t\t<\/div>\n\t\t\t\t\t<\/div>\n\t\t<\/div>\n\t\t\t\t\t\t\t<\/div>\n\t\t<\/section>\n\t\t\t\t<section class=\"elementor-section elementor-top-section elementor-element elementor-element-2f98afa elementor-section-boxed elementor-section-height-default elementor-section-height-default\" data-id=\"2f98afa\" data-element_type=\"section\">\n\t\t\t\t\t\t<div class=\"elementor-container elementor-column-gap-default\">\n\t\t\t\t\t<div class=\"elementor-column elementor-col-50 elementor-top-column elementor-element elementor-element-7d4c105\" data-id=\"7d4c105\" data-element_type=\"column\">\n\t\t\t<div class=\"elementor-widget-wrap elementor-element-populated\">\n\t\t\t\t\t\t\t\t<div class=\"elementor-element elementor-element-f5492cc eael-contact-form-7-button-align-left eael-contact-form-7-button-custom elementor-widget elementor-widget-eael-contact-form-7\" data-id=\"f5492cc\" data-element_type=\"widget\" data-widget_type=\"eael-contact-form-7.default\">\n\t\t\t\t<div class=\"elementor-widget-container\">\n\t\t\t<div class=\"eael-contact-form-7-wrapper\">\n                <div class=\"eael-contact-form eael-contact-form-7 eael-contact-form-f5492cc placeholder-show eael-contact-form-align-default\"><div role=\"form\" class=\"wpcf7\" id=\"wpcf7-f19-o1\" lang=\"es-MX\" dir=\"ltr\">\n<div class=\"screen-reader-response\"><p role=\"status\" aria-live=\"polite\" aria-atomic=\"true\"><\/p> <ul><\/ul><\/div>\n<form action=\"\/index.php?rest_route=%2Fwp%2Fv2%2Fpages%2F53#wpcf7-f19-o1\" method=\"post\" class=\"wpcf7-form init\" novalidate=\"novalidate\" data-status=\"init\">\n<div style=\"display: none;\">\n<input type=\"hidden\" name=\"_wpcf7\" value=\"19\" \/>\n<input type=\"hidden\" name=\"_wpcf7_version\" value=\"5.4.1\" \/>\n<input type=\"hidden\" name=\"_wpcf7_locale\" value=\"es_MX\" \/>\n<input type=\"hidden\" name=\"_wpcf7_unit_tag\" value=\"wpcf7-f19-o1\" \/>\n<input type=\"hidden\" name=\"_wpcf7_container_post\" value=\"0\" \/>\n<input type=\"hidden\" name=\"_wpcf7_posted_data_hash\" value=\"\" \/>\n<\/div>\n<p><label> Tu nombre<br \/>\n    <span class=\"wpcf7-form-control-wrap your-name\"><input type=\"text\" name=\"your-name\" value=\"\" size=\"40\" class=\"wpcf7-form-control wpcf7-text wpcf7-validates-as-required\" aria-required=\"true\" aria-invalid=\"false\" \/><\/span> <\/label><\/p>\n<p><label> Tu correo electr\u00f3nico<br \/>\n    <span class=\"wpcf7-form-control-wrap your-email\"><input type=\"email\" name=\"your-email\" value=\"\" size=\"40\" class=\"wpcf7-form-control wpcf7-text wpcf7-email wpcf7-validates-as-required wpcf7-validates-as-email\" aria-required=\"true\" aria-invalid=\"false\" \/><\/span> <\/label><\/p>\n<p><label> Asunto<br \/>\n    <span class=\"wpcf7-form-control-wrap your-subject\"><input type=\"text\" name=\"your-subject\" value=\"\" size=\"40\" class=\"wpcf7-form-control wpcf7-text wpcf7-validates-as-required\" aria-required=\"true\" aria-invalid=\"false\" \/><\/span> <\/label><\/p>\n<p><label> Tu mensaje (opcional)<br \/>\n    <span class=\"wpcf7-form-control-wrap your-message\"><textarea name=\"your-message\" cols=\"40\" rows=\"10\" class=\"wpcf7-form-control wpcf7-textarea\" aria-invalid=\"false\"><\/textarea><\/span> <\/label><\/p>\n<p><input type=\"submit\" value=\"Enviar\" class=\"wpcf7-form-control wpcf7-submit\" \/><\/p>\n<input type='hidden' class='wpcf7-pum' value='{\"closepopup\":false,\"closedelay\":0,\"openpopup\":false,\"openpopup_id\":0}' \/><div class=\"wpcf7-response-output\" aria-hidden=\"true\"><\/div><\/form><\/div><\/div>\n            <\/div>\t\t<\/div>\n\t\t\t\t<\/div>\n\t\t\t\t\t<\/div>\n\t\t<\/div>\n\t\t\t\t<div class=\"elementor-column elementor-col-50 elementor-top-column elementor-element elementor-element-e853297\" data-id=\"e853297\" data-element_type=\"column\">\n\t\t\t<div class=\"elementor-widget-wrap elementor-element-populated\">\n\t\t\t\t\t\t\t\t<div class=\"elementor-element elementor-element-2b8d51a elementor-widget elementor-widget-text-editor\" data-id=\"2b8d51a\" data-element_type=\"widget\" data-widget_type=\"text-editor.default\">\n\t\t\t\t<div class=\"elementor-widget-container\">\n\t\t\t\t\t\t\t\t<p style=\"text-align: center;\"><strong>Oficina:<\/strong>\u00a0+52 (442) 671-0767<\/p><p style=\"text-align: center;\"><strong>M\u00f3vil:<\/strong>\u00a0+52 (442) 267-9515\u00a0<\/p><p style=\"text-align: center;\"><strong>ventas@technodies.com.mx<\/strong><\/p><p style=\"text-align: center;\">\u00a0 Guayaquiri 624, Nave 19 Condominio Empresarial El Tr\u00e9bol<\/p><p style=\"text-align: center;\">76118, Quer\u00e9taro, Qro. M\u00e9xico<\/p><p style=\"text-align: center;\">____________________________________<\/p><div style=\"text-align: center;\"><div><strong>ventas2@technodies.com.mx<\/strong><\/div><div>\u00a0<\/div><\/div><div class=\"place-name\" style=\"text-align: center;\">Techno Dies, Le\u00f3n<\/div><div style=\"text-align: center;\">\u00a0<\/div><div class=\"address\" style=\"text-align: center;\">Plaza San Miguel Local 2\u2013A,<\/div><div style=\"text-align: center;\">\u00a0<\/div><div class=\"address\" style=\"text-align: center;\">Col. San Miguel, 37460 Le\u00f3n, Gto.<\/div>\t\t\t\t\t\t<\/div>\n\t\t\t\t<\/div>\n\t\t\t\t\t<\/div>\n\t\t<\/div>\n\t\t\t\t\t\t\t<\/div>\n\t\t<\/section>\n\t\t\t\t\t\t<\/div>\n\t\t\t\t\t<\/div>\n\t\t","protected":false},"excerpt":{"rendered":"<p>Tecnolog\u00eda, precisi\u00f3n y rapidez en suajes y venta de insumos Calado y Grabado Laser Servicio de maquila en Madera, Acero, Acr\u00edlico y otros. Reemplecado y Reparaciones Reemplacemos y reparamos suajes y contamos con servicio con soldadura de pleca. Corte con Agua Realizamos cortes especializados para hule botador Dise\u00f1o y Cat\u00e1logo de Cajas Contamos con m\u00e1s&hellip;&nbsp;<a href=\"http:\/\/technodies.com.mx\/?page_id=53\" class=\"\" rel=\"bookmark\">Read More &raquo;<span class=\"screen-reader-text\">Servicios<\/span><\/a><\/p>\n","protected":false},"author":1,"featured_media":0,"parent":0,"menu_order":0,"comment_status":"closed","ping_status":"closed","template":"page-templates\/template-pagebuilder-full-width.php","meta":{"neve_meta_sidebar":"full-width","neve_meta_container":"","neve_meta_enable_content_width":"on","neve_meta_content_width":100,"neve_meta_title_alignment":"","neve_meta_author_avatar":"","neve_post_elements_order":"","neve_meta_disable_header":"","neve_meta_disable_footer":"","neve_meta_disable_title":"","footnotes":""},"class_list":["post-53","page","type-page","status-publish","hentry"],"_links":{"self":[{"href":"http:\/\/technodies.com.mx\/index.php?rest_route=\/wp\/v2\/pages\/53","targetHints":{"allow":["GET"]}}],"collection":[{"href":"http:\/\/technodies.com.mx\/index.php?rest_route=\/wp\/v2\/pages"}],"about":[{"href":"http:\/\/technodies.com.mx\/index.php?rest_route=\/wp\/v2\/types\/page"}],"author":[{"embeddable":true,"href":"http:\/\/technodies.com.mx\/index.php?rest_route=\/wp\/v2\/users\/1"}],"replies":[{"embeddable":true,"href":"http:\/\/technodies.com.mx\/index.php?rest_route=%2Fwp%2Fv2%2Fcomments&post=53"}],"version-history":[{"count":13,"href":"http:\/\/technodies.com.mx\/index.php?rest_route=\/wp\/v2\/pages\/53\/revisions"}],"predecessor-version":[{"id":319,"href":"http:\/\/technodies.com.mx\/index.php?rest_route=\/wp\/v2\/pages\/53\/revisions\/319"}],"wp:attachment":[{"href":"http:\/\/technodies.com.mx\/index.php?rest_route=%2Fwp%2Fv2%2Fmedia&parent=53"}],"curies":[{"name":"wp","href":"https:\/\/api.w.org\/{rel}","templated":true}]}}